{"id":9,"date":"2023-07-19T02:20:06","date_gmt":"2023-07-19T00:20:06","guid":{"rendered":"http:\/\/serwer1778494.home.pl\/autoinstalator\/wordpressplugins\/?page_id=9"},"modified":"2025-10-13T08:02:31","modified_gmt":"2025-10-13T06:02:31","slug":"strona-glowna","status":"publish","type":"page","link":"https:\/\/fpcmyk.pl\/","title":{"rendered":"Drukarnia CMYK"},"content":{"rendered":"\n<div class=\"wp-block-columns is-layout-flex wp-container-core-columns-is-layout-9d6595d7 wp-block-columns-is-layout-flex\">\n<div class=\"wp-block-column is-layout-flow wp-block-column-is-layout-flow\">\n<p><\/p>\n\n\n\n<p>Drukarnia CMYK dzia\u0142a na rynku od 2001 roku. Jeste\u015bmy drukarni\u0105 znajduj\u0105c\u0105 si\u0119 w Gda\u0144sku, gdzie od lat z powodzeniem realizujemy us\u0142ugi na lokalnym rynku. Dzia\u0142amy tak\u017ce jako drukarnia internetowa i realizujemy z powodzeniem zam\u00f3wienia z terenu ca\u0142ego kraju.<br><br>Zajmujemy si\u0119 zar\u00f3wno kompleksow\u0105 us\u0142ug\u0105 wydruku oraz monta\u017cu na miejscu lub realizujemy zam\u00f3wienia z wysy\u0142k\u0105.<br>Wystarczy zg\u0142osi\u0107 si\u0119 do nas ze swoim zapotrzebowaniem a my do\u0142o\u017cymy wszelkich stara\u0144, \u017ceby spe\u0142ni\u0107 oczekiwania i dostarczy\u0107 zam\u00f3wiony druk.<\/p>\n\n\n\n<p>Terminowo\u015b\u0107, jako\u015b\u0107 wykonania, niska cena i obs\u0142uga Klienta s\u0105 dla nas priorytetami w codziennej pracy.<\/p>\n<\/div>\n<\/div>\n\n\n\n<div class=\"wp-block-cover alignfull\" style=\"min-height:561px;aspect-ratio:unset;\" id=\"graficzne\"><span aria-hidden=\"true\" class=\"wp-block-cover__background has-nv-light-bg-background-color has-background-dim-100 has-background-dim\"><\/span><div class=\"wp-block-cover__inner-container is-layout-flow wp-block-cover-is-layout-flow\">\n<div class=\"wp-block-group\"><div class=\"wp-block-group__inner-container is-layout-flow wp-block-group-is-layout-flow\">\n<div class=\"wp-block-columns are-vertically-aligned-center is-layout-flex wp-container-core-columns-is-layout-9d6595d7 wp-block-columns-is-layout-flex\">\n<div class=\"wp-block-column is-vertically-aligned-center is-layout-flow wp-block-column-is-layout-flow\" style=\"flex-basis:50%\"><div class=\"wp-block-image is-style-default\">\n<figure class=\"aligncenter size-full is-resized\"><img fetchpriority=\"high\" decoding=\"async\" width=\"712\" height=\"784\" src=\"https:\/\/fpcmyk.pl\/wp-content\/uploads\/2023\/08\/StudioGraficzne-1.png\" alt=\"\" class=\"wp-image-179\" style=\"width:200px;height:196px\" srcset=\"https:\/\/fpcmyk.pl\/wp-content\/uploads\/2023\/08\/StudioGraficzne-1.png 712w, https:\/\/fpcmyk.pl\/wp-content\/uploads\/2023\/08\/StudioGraficzne-1-272x300.png 272w\" sizes=\"(max-width: 712px) 100vw, 712px\" \/><\/figure>\n<\/div><\/div>\n\n\n\n<div class=\"wp-block-column is-vertically-aligned-center is-layout-flow wp-block-column-is-layout-flow\" style=\"flex-basis:50%\">\n<div style=\"height:20px\" aria-hidden=\"true\" class=\"wp-block-spacer\"><\/div>\n\n\n\n<h2 class=\"wp-block-heading has-text-align-left has-neve-text-color-color has-text-color\">Studio Graficzne<\/h2>\n\n\n\n<p class=\"has-neve-text-color-color has-text-color\">Nasza drukarnia posiadana w swojej ofercie r\u00f3wnie\u017c us\u0142ugi studia graficznego. Pomo\u017cemy w wykonaniu profesjonalnego projektu graficznego oraz technicznego przygotowaniu go do druku.<\/p>\n\n\n\n<p class=\"has-neve-text-color-color has-text-color\">Projektujemy zar\u00f3wno materia\u0142y do druku, takie jak wizyt\u00f3wki, ulotki itp., jak i projekty online, np. identyfikacja wizualna czy strona internetowa. Pomo\u017cemy zar\u00f3wno na etapie tworzenia koncepcji graficznej, jak i prze\u0142o\u017ceniu oczekiwa\u0144 na gotowy projekt. &nbsp;<\/p>\n<\/div>\n<\/div>\n<\/div><\/div>\n<\/div><\/div>\n\n\n\n<div class=\"wp-block-cover alignfull\" style=\"min-height:784px;aspect-ratio:unset;\" id=\"cyfrowy\"><span aria-hidden=\"true\" class=\"wp-block-cover__background has-nv-site-bg-background-color has-background-dim-100 has-background-dim\"><\/span><div class=\"wp-block-cover__inner-container is-layout-flow wp-block-cover-is-layout-flow\">\n<div class=\"wp-block-group\"><div class=\"wp-block-group__inner-container is-layout-flow wp-block-group-is-layout-flow\">\n<div class=\"wp-block-columns are-vertically-aligned-center is-layout-flex wp-container-core-columns-is-layout-9d6595d7 wp-block-columns-is-layout-flex\">\n<div class=\"wp-block-column is-vertically-aligned-center is-layout-flow wp-block-column-is-layout-flow\" style=\"flex-basis:50%\">\n<h2 class=\"wp-block-heading has-text-align-left has-neve-text-color-color has-text-color\"><br><br>Druk Cyfrowy<\/h2>\n\n\n\n<p class=\"has-neve-text-color-color has-text-color\">Druk cyfrowy jest jedn\u0105 z najpopularniejszych technik druku. Druk cyfrowy wybierany jest przede wszystkim w potrzebie wydruku w niskim nak\u0142adzie, r\u00f3wnie\u017c przy pojedynczych sztukach danego projektu. Ta forma wydruku pozwala tak\u017ce na szybki czas realizacji zam\u00f3wienia, przy stosunkowo niskich kosztach i otrzymaniu materia\u0142\u00f3w dobrej jako\u015bci. <br><br>W druku cyfrowym wykonujemy przede wszystkim:<\/p>\n\n\n\n<ul class=\"wp-block-list has-nv-dark-bg-color has-text-color\">\n<li>wizyt\u00f3wki<\/li>\n\n\n\n<li>zaproszenia<\/li>\n\n\n\n<li>dyplomy \/ certyfikaty<\/li>\n\n\n\n<li>ulotki i foldery<\/li>\n\n\n\n<li>plakaty<\/li>\n\n\n\n<li>materia\u0142y konferencyjne<\/li>\n<\/ul>\n\n\n\n<p class=\"has-small-font-size\"><\/p>\n\n\n\n<div style=\"height:40px\" aria-hidden=\"true\" class=\"wp-block-spacer\"><\/div>\n<\/div>\n\n\n\n<div class=\"wp-block-column is-layout-flow wp-block-column-is-layout-flow\"><\/div>\n\n\n\n<div class=\"wp-block-column is-vertically-aligned-center is-layout-flow wp-block-column-is-layout-flow\" style=\"flex-basis:50%\"><div class=\"wp-block-image is-style-default\">\n<figure class=\"aligncenter size-full is-resized\"><img decoding=\"async\" width=\"818\" height=\"702\" src=\"https:\/\/fpcmyk.pl\/wp-content\/uploads\/2023\/08\/DrukCyfrowy-1.png\" alt=\"\" class=\"wp-image-178\" style=\"width:213px;height:183px\" srcset=\"https:\/\/fpcmyk.pl\/wp-content\/uploads\/2023\/08\/DrukCyfrowy-1.png 818w, https:\/\/fpcmyk.pl\/wp-content\/uploads\/2023\/08\/DrukCyfrowy-1-300x257.png 300w, https:\/\/fpcmyk.pl\/wp-content\/uploads\/2023\/08\/DrukCyfrowy-1-768x659.png 768w\" sizes=\"(max-width: 818px) 100vw, 818px\" \/><\/figure>\n<\/div><\/div>\n\n\n\n<div class=\"wp-block-column is-layout-flow wp-block-column-is-layout-flow\"><\/div>\n<\/div>\n\n\n\n<div style=\"height:40px\" aria-hidden=\"true\" class=\"wp-block-spacer\"><\/div>\n<\/div><\/div>\n<\/div><\/div>\n\n\n\n<div class=\"wp-block-cover alignfull\" style=\"min-height:784px;aspect-ratio:unset;\" id=\"offsetowy\"><span aria-hidden=\"true\" class=\"wp-block-cover__background has-nv-dark-bg-background-color has-background-dim-100 has-background-dim\"><\/span><div class=\"wp-block-cover__inner-container is-layout-flow wp-block-cover-is-layout-flow\">\n<div class=\"wp-block-group\"><div class=\"wp-block-group__inner-container is-layout-flow wp-block-group-is-layout-flow\">\n<div class=\"wp-block-columns are-vertically-aligned-center is-layout-flex wp-container-core-columns-is-layout-9d6595d7 wp-block-columns-is-layout-flex\">\n<div class=\"wp-block-column is-vertically-aligned-center is-layout-flow wp-block-column-is-layout-flow\" style=\"flex-basis:50%\"><div class=\"wp-block-image is-style-default\">\n<figure class=\"aligncenter size-large is-resized\"><img decoding=\"async\" width=\"1024\" height=\"654\" src=\"https:\/\/fpcmyk.pl\/wp-content\/uploads\/2023\/08\/DrukOffsetowy-1024x654.png\" alt=\"\" class=\"wp-image-174\" style=\"width:256px;height:164px\" srcset=\"https:\/\/fpcmyk.pl\/wp-content\/uploads\/2023\/08\/DrukOffsetowy-1024x654.png 1024w, https:\/\/fpcmyk.pl\/wp-content\/uploads\/2023\/08\/DrukOffsetowy-300x192.png 300w, https:\/\/fpcmyk.pl\/wp-content\/uploads\/2023\/08\/DrukOffsetowy-768x490.png 768w, https:\/\/fpcmyk.pl\/wp-content\/uploads\/2023\/08\/DrukOffsetowy.png 1156w\" sizes=\"(max-width: 1024px) 100vw, 1024px\" \/><\/figure>\n<\/div><\/div>\n\n\n\n<div class=\"wp-block-column is-vertically-aligned-center is-layout-flow wp-block-column-is-layout-flow\" style=\"flex-basis:50%\">\n<div style=\"height:40px\" aria-hidden=\"true\" class=\"wp-block-spacer\"><\/div>\n\n\n\n<h2 class=\"wp-block-heading has-text-align-left has-nv-text-dark-bg-color has-text-color\"><br>Druk Offsetowy<\/h2>\n\n\n\n<p>Druk offsetowy to technika drukarska przeznaczona przede wszystkim do druku materia\u0142u w du\u017cym nak\u0142adzie, g\u0142\u00f3wnie ze wzgl\u0119du na wy\u017cszy koszt oraz d\u0142u\u017cszy czas realizacji zwi\u0105zany z przygotowaniem technicznym. Do wydruku offsetowego przygotowywana jest specjalna matryca, dlatego materia\u0142 graficzny powinien by\u0107 odpowiednio dostosowany technicznie. G\u0142\u00f3wn\u0105 cech\u0105 charakterystyczn\u0105 druku offsetowego jest jego wysoka jako\u015b\u0107, odporno\u015b\u0107 i trwa\u0142o\u015b\u0107 gotowych materia\u0142\u00f3w.<\/p>\n\n\n\n<p>W druku offsetowym wykonujemy przede wszystkim:<\/p>\n\n\n\n<ul class=\"wp-block-list\">\n<li>ulotki<\/li>\n\n\n\n<li>plakaty<\/li>\n\n\n\n<li>teczki<\/li>\n\n\n\n<li>bloczki \/ papier firmowy<\/li>\n\n\n\n<li>katalogi<\/li>\n\n\n\n<li>wizyt\u00f3wki<\/li>\n\n\n\n<li>kalendarze<\/li>\n\n\n\n<li>ksi\u0105\u017cki<\/li>\n\n\n\n<li>broszury<\/li>\n<\/ul>\n<\/div>\n<\/div>\n\n\n\n<div style=\"height:40px\" aria-hidden=\"true\" class=\"wp-block-spacer\"><\/div>\n<\/div><\/div>\n<\/div><\/div>\n\n\n\n<div class=\"wp-block-cover alignfull\" style=\"min-height:784px;aspect-ratio:unset;\" id=\"wielkoformatowy\"><span aria-hidden=\"true\" class=\"wp-block-cover__background has-nv-light-bg-background-color has-background-dim-100 has-background-dim\"><\/span><div class=\"wp-block-cover__inner-container is-layout-flow wp-block-cover-is-layout-flow\">\n<div class=\"wp-block-group\"><div class=\"wp-block-group__inner-container is-layout-flow wp-block-group-is-layout-flow\">\n<div class=\"wp-block-columns are-vertically-aligned-center is-layout-flex wp-container-core-columns-is-layout-9d6595d7 wp-block-columns-is-layout-flex\">\n<div class=\"wp-block-column is-vertically-aligned-center is-layout-flow wp-block-column-is-layout-flow\" style=\"flex-basis:50%\">\n<h2 class=\"wp-block-heading has-text-align-left has-neve-text-color-color has-text-color\"><br><br>Druk Wielkoformatowy<\/h2>\n\n\n\n<p class=\"has-nv-dark-bg-color has-text-color\">Druk wieloformatowy wykorzystywany jest przy projektach zajmuj\u0105ce wi\u0119ksze powierzchnie. Charakteryzuje si\u0119 r\u00f3wnie\u017c bardzo dobr\u0105 jako\u015bci gotowego materia\u0142u, dlatego cz\u0119sto wybierany jest przy wydrukach, kt\u00f3re b\u0119d\u0105 u\u017cywane na zewn\u0105trz i musz\u0105 by\u0107 odporne na r\u00f3\u017cne warunki atmosferyczne. Druk wieloformatowy mo\u017ce dotyczy\u0107 r\u00f3\u017cnego rodzaju powierzchni, od plakat\u00f3w po banery na d\u0142ugie ogrodzenie. W ramach naszych us\u0142ug oferujemy druk wieloformatowy na r\u00f3\u017cnych pod\u0142o\u017cach, dobieranych indywidualnie pod zlecony projekt i jego przeznaczenie.<br><br>W druku wieloformatowym wykonujemy przede wszystkim:<\/p>\n\n\n\n<ul style=\"font-size:17px\" class=\"wp-block-list has-neve-text-color-color has-text-color\">\n<li>plakaty<\/li>\n\n\n\n<li>banery reklamowe<\/li>\n\n\n\n<li>naklejki <\/li>\n\n\n\n<li>napisy samoprzylepne<br><br>Zajmujemy si\u0119 kompleksowo wydrukiem i wyklejeniem:<\/li>\n\n\n\n<li>samochod\u00f3w<\/li>\n\n\n\n<li>witryn<\/li>\n\n\n\n<li>stoisk reklamowych<br> <\/li>\n<\/ul>\n\n\n\n<div style=\"height:40px\" aria-hidden=\"true\" class=\"wp-block-spacer\"><\/div>\n\n\n\n<p><\/p>\n<\/div>\n\n\n\n<div class=\"wp-block-column is-vertically-aligned-center is-layout-flow wp-block-column-is-layout-flow\" style=\"flex-basis:50%\"><div class=\"wp-block-image is-style-default\">\n<figure class=\"aligncenter size-full is-resized\"><img loading=\"lazy\" decoding=\"async\" width=\"931\" height=\"784\" src=\"https:\/\/fpcmyk.pl\/wp-content\/uploads\/2023\/08\/Drukwielkoformatowy.png\" alt=\"\" class=\"wp-image-173\" style=\"width:233px;height:196px\" srcset=\"https:\/\/fpcmyk.pl\/wp-content\/uploads\/2023\/08\/Drukwielkoformatowy.png 931w, https:\/\/fpcmyk.pl\/wp-content\/uploads\/2023\/08\/Drukwielkoformatowy-300x253.png 300w, https:\/\/fpcmyk.pl\/wp-content\/uploads\/2023\/08\/Drukwielkoformatowy-768x647.png 768w\" sizes=\"(max-width: 931px) 100vw, 931px\" \/><\/figure>\n<\/div><\/div>\n<\/div>\n\n\n\n<div style=\"height:40px\" aria-hidden=\"true\" class=\"wp-block-spacer\"><\/div>\n<\/div><\/div>\n<\/div><\/div>\n\n\n\n<div class=\"wp-block-cover alignfull\" style=\"min-height:600px;aspect-ratio:unset;\" id=\"Introligatornia\"><span aria-hidden=\"true\" class=\"wp-block-cover__background has-nv-site-bg-background-color has-background-dim-100 has-background-dim\"><\/span><div class=\"wp-block-cover__inner-container is-layout-flow wp-block-cover-is-layout-flow\">\n<div class=\"wp-block-group\"><div class=\"wp-block-group__inner-container is-layout-flow wp-block-group-is-layout-flow\">\n<div class=\"wp-block-columns are-vertically-aligned-center has-medium-font-size is-layout-flex wp-container-core-columns-is-layout-9d6595d7 wp-block-columns-is-layout-flex\">\n<div class=\"wp-block-column is-vertically-aligned-center is-layout-flow wp-block-column-is-layout-flow\" style=\"flex-basis:50%\"><div class=\"wp-block-image is-style-default\">\n<figure class=\"aligncenter size-full is-resized\"><img loading=\"lazy\" decoding=\"async\" width=\"709\" height=\"724\" src=\"https:\/\/fpcmyk.pl\/wp-content\/uploads\/2023\/08\/Introigatornia.png\" alt=\"\" class=\"wp-image-172\" style=\"width:177px;height:181px\" srcset=\"https:\/\/fpcmyk.pl\/wp-content\/uploads\/2023\/08\/Introigatornia.png 709w, https:\/\/fpcmyk.pl\/wp-content\/uploads\/2023\/08\/Introigatornia-294x300.png 294w\" sizes=\"(max-width: 709px) 100vw, 709px\" \/><\/figure>\n<\/div><\/div>\n\n\n\n<div class=\"wp-block-column is-vertically-aligned-center is-layout-flow wp-block-column-is-layout-flow\" style=\"flex-basis:50%\">\n<div style=\"height:20px\" aria-hidden=\"true\" class=\"wp-block-spacer\"><\/div>\n\n\n\n<h2 class=\"wp-block-heading has-text-align-left has-neve-text-color-color has-text-color\"><br>Introligatornia<\/h2>\n\n\n\n<p>W naszej drukarni oferujemy r\u00f3wnie\u017c us\u0142ugi introligatorskie, wi\u0119c jeste\u015bmy w stanie oprawi\u0107 wszystkie materia\u0142y, jakie zostan\u0105 wydrukowane.<\/p>\n\n\n\n<p class=\"has-neve-text-color-color has-text-color\">Posiadamy profesjonaln\u0105, w pe\u0142ni wyposa\u017con\u0105 introligatorni\u0119, w ramach kt\u00f3rej realizujemy zam\u00f3wienia na:<\/p>\n\n\n\n<ul style=\"font-size:17px\" class=\"wp-block-list has-neve-text-color-color has-text-color\">\n<li>bigowanie<\/li>\n\n\n\n<li>falcowanie<\/li>\n\n\n\n<li>zbieranie p\u0142askie<\/li>\n\n\n\n<li>zakuwanie oczek<\/li>\n\n\n\n<li>perforacja<\/li>\n\n\n\n<li>insertowanie<\/li>\n\n\n\n<li>kompletowanie zestaw\u00f3w (np. targowych)<\/li>\n\n\n\n<li>banderolowanie<\/li>\n\n\n\n<li>pakowanie w opakowania zbiorcze<\/li>\n\n\n\n<li>sk\u0142adanie pude\u0142ek w\u0142\u0105cznie z wklejaniem element\u00f3w<\/li>\n<\/ul>\n<\/div>\n<\/div>\n\n\n\n<div style=\"height:40px\" aria-hidden=\"true\" class=\"wp-block-spacer\"><\/div>\n<\/div><\/div>\n<\/div><\/div>\n\n\n\n<div class=\"wp-block-cover alignfull\" style=\"min-height:420px;aspect-ratio:unset;\" id=\"kontakt\"><span aria-hidden=\"true\" class=\"wp-block-cover__background has-nv-dark-bg-background-color has-background-dim-100 has-background-dim\"><\/span><div class=\"wp-block-cover__inner-container is-layout-flow wp-block-cover-is-layout-flow\">\n<div style=\"height:80px\" aria-hidden=\"true\" class=\"wp-block-spacer\"><\/div>\n\n\n\n<div class=\"wp-block-columns is-layout-flex wp-container-core-columns-is-layout-9d6595d7 wp-block-columns-is-layout-flex\">\n<div class=\"wp-block-column is-layout-flow wp-block-column-is-layout-flow\">\n<div style=\"height:24px\" aria-hidden=\"true\" class=\"wp-block-spacer\"><\/div>\n\n\n<div class=\"wp-block-image icon-style is-style-rounded\">\n<figure class=\"aligncenter size-full is-resized\"><img loading=\"lazy\" decoding=\"async\" width=\"132\" height=\"132\" src=\"https:\/\/fpcmyk.pl\/wp-content\/uploads\/2023\/08\/telefon.png\" alt=\"\" class=\"wp-image-168\" style=\"width:66px;height:66px\"\/><\/figure>\n<\/div>\n\n\n<h3 class=\"wp-block-heading has-text-align-center has-nv-site-bg-color has-text-color\">Zadzwo\u0144 do nas<\/h3>\n\n\n\n<p class=\"has-text-align-center has-nv-site-bg-color has-text-color\" style=\"font-size:15px\">58 3 432 432<br>502 058 413<br>Poniedzia\u0142ek &#8211; Pi\u0105tek<br>8:30-16:00<\/p>\n\n\n\n<div style=\"height:24px\" aria-hidden=\"true\" class=\"wp-block-spacer\"><\/div>\n<\/div>\n\n\n\n<div class=\"wp-block-column is-layout-flow wp-block-column-is-layout-flow\">\n<div style=\"height:24px\" aria-hidden=\"true\" class=\"wp-block-spacer\"><\/div>\n\n\n<div class=\"wp-block-image icon-style is-style-rounded\">\n<figure class=\"aligncenter size-full is-resized\"><img loading=\"lazy\" decoding=\"async\" width=\"128\" height=\"128\" src=\"https:\/\/fpcmyk.pl\/wp-content\/uploads\/2023\/08\/mapla.png\" alt=\"\" class=\"wp-image-170\" style=\"width:64px;height:64px\"\/><\/figure>\n<\/div>\n\n\n<h3 class=\"wp-block-heading has-text-align-center has-nv-site-bg-color has-text-color\">Email<\/h3>\n\n\n\n<p class=\"has-text-align-center has-nv-site-bg-color has-text-color\" style=\"font-size:15px\">biuro@fpcmyk.pl<\/p>\n\n\n\n<div style=\"height:24px\" aria-hidden=\"true\" class=\"wp-block-spacer\"><\/div>\n<\/div>\n\n\n\n<div class=\"wp-block-column is-layout-flow wp-block-column-is-layout-flow\">\n<div style=\"height:24px\" aria-hidden=\"true\" class=\"wp-block-spacer\"><\/div>\n\n\n<div class=\"wp-block-image icon-style is-style-rounded\">\n<figure class=\"aligncenter size-full is-resized\"><img loading=\"lazy\" decoding=\"async\" width=\"95\" height=\"132\" src=\"https:\/\/fpcmyk.pl\/wp-content\/uploads\/2023\/08\/adres.png\" alt=\"\" class=\"wp-image-171\" style=\"width:48px;height:66px\"\/><\/figure>\n<\/div>\n\n\n<h3 class=\"wp-block-heading has-text-align-center has-nv-site-bg-color has-text-color\">Tu jeste\u015bmy<\/h3>\n\n\n\n<p class=\"has-text-align-center has-nv-site-bg-color has-text-color\" style=\"font-size:15px\">\u015anie\u017cna 5<br>80-765 Gda\u0144sk<\/p>\n\n\n\n<div style=\"height:24px\" aria-hidden=\"true\" class=\"wp-block-spacer\"><\/div>\n<\/div>\n<\/div>\n\n\n\n<div style=\"height:30px\" aria-hidden=\"true\" class=\"wp-block-spacer\"><\/div>\n<\/div><\/div>\n\n\n\n<figure class=\"wp-block-image size-full is-resized\"><img loading=\"lazy\" decoding=\"async\" width=\"1024\" height=\"1024\" src=\"http:\/\/tomek.fpcmyk.pl\/wp-content\/uploads\/2023\/07\/pfr-1024x1024-1.jpeg\" alt=\"\" class=\"wp-image-98\" style=\"width:256px;height:256px\" srcset=\"https:\/\/fpcmyk.pl\/wp-content\/uploads\/2023\/07\/pfr-1024x1024-1.jpeg 1024w, https:\/\/fpcmyk.pl\/wp-content\/uploads\/2023\/07\/pfr-1024x1024-1-300x300.jpeg 300w, https:\/\/fpcmyk.pl\/wp-content\/uploads\/2023\/07\/pfr-1024x1024-1-150x150.jpeg 150w, https:\/\/fpcmyk.pl\/wp-content\/uploads\/2023\/07\/pfr-1024x1024-1-768x768.jpeg 768w\" sizes=\"(max-width: 1024px) 100vw, 1024px\" \/><\/figure>\n\n\n\n<p><\/p>\n","protected":false},"excerpt":{"rendered":"","protected":false},"author":1,"featured_media":0,"parent":0,"menu_order":0,"comment_status":"closed","ping_status":"closed","template":"","meta":{"neve_meta_sidebar":"","neve_meta_container":"","neve_meta_enable_content_width":"on","neve_meta_content_width":100,"neve_meta_title_alignment":"","neve_meta_author_avatar":"","neve_post_elements_order":"","neve_meta_disable_header":"off","neve_meta_disable_footer":"","neve_meta_disable_title":"on","footnotes":""},"class_list":["post-9","page","type-page","status-publish","hentry"],"yoast_head":"<!-- This site is optimized with the Yoast SEO plugin v21.9.1 - https:\/\/yoast.com\/wordpress\/plugins\/seo\/ -->\n<title>Drukarnia CMYK - Drukarnia CMYK Druk Offsetowy i Cyfrowy<\/title>\n<meta name=\"robots\" content=\"index, follow, max-snippet:-1, max-image-preview:large, max-video-preview:-1\" \/>\n<link rel=\"canonical\" href=\"https:\/\/fpcmyk.pl\/\" \/>\n<meta property=\"og:locale\" content=\"pl_PL\" \/>\n<meta property=\"og:type\" content=\"article\" \/>\n<meta property=\"og:title\" content=\"Drukarnia CMYK - Drukarnia CMYK Druk Offsetowy i Cyfrowy\" \/>\n<meta property=\"og:url\" content=\"https:\/\/fpcmyk.pl\/\" \/>\n<meta property=\"og:site_name\" content=\"Drukarnia CMYK Druk Offsetowy i Cyfrowy\" \/>\n<meta property=\"article:modified_time\" content=\"2025-10-13T06:02:31+00:00\" \/>\n<meta property=\"og:image\" content=\"https:\/\/fpcmyk.pl\/wp-content\/uploads\/2023\/08\/StudioGraficzne-1.png\" \/>\n<meta name=\"twitter:card\" content=\"summary_large_image\" \/>\n<meta name=\"twitter:label1\" content=\"Szacowany czas czytania\" \/>\n\t<meta name=\"twitter:data1\" content=\"8 minut\" \/>\n<script type=\"application\/ld+json\" class=\"yoast-schema-graph\">{\"@context\":\"https:\/\/schema.org\",\"@graph\":[{\"@type\":\"WebPage\",\"@id\":\"https:\/\/fpcmyk.pl\/\",\"url\":\"https:\/\/fpcmyk.pl\/\",\"name\":\"Drukarnia CMYK - Drukarnia CMYK Druk Offsetowy i Cyfrowy\",\"isPartOf\":{\"@id\":\"https:\/\/fpcmyk.pl\/#website\"},\"datePublished\":\"2023-07-19T00:20:06+00:00\",\"dateModified\":\"2025-10-13T06:02:31+00:00\",\"breadcrumb\":{\"@id\":\"https:\/\/fpcmyk.pl\/#breadcrumb\"},\"inLanguage\":\"pl-PL\",\"potentialAction\":[{\"@type\":\"ReadAction\",\"target\":[\"https:\/\/fpcmyk.pl\/\"]}]},{\"@type\":\"BreadcrumbList\",\"@id\":\"https:\/\/fpcmyk.pl\/#breadcrumb\",\"itemListElement\":[{\"@type\":\"ListItem\",\"position\":1,\"name\":\"Home\",\"item\":\"https:\/\/fpcmyk.pl\/\"},{\"@type\":\"ListItem\",\"position\":2,\"name\":\"Drukarnia CMYK\"}]},{\"@type\":\"WebSite\",\"@id\":\"https:\/\/fpcmyk.pl\/#website\",\"url\":\"https:\/\/fpcmyk.pl\/\",\"name\":\"Drukarnia CMYK Druk Offsetowy i Cyfrowy\",\"description\":\"\",\"publisher\":{\"@id\":\"https:\/\/fpcmyk.pl\/#organization\"},\"potentialAction\":[{\"@type\":\"SearchAction\",\"target\":{\"@type\":\"EntryPoint\",\"urlTemplate\":\"https:\/\/fpcmyk.pl\/?s={search_term_string}\"},\"query-input\":\"required name=search_term_string\"}],\"inLanguage\":\"pl-PL\"},{\"@type\":\"Organization\",\"@id\":\"https:\/\/fpcmyk.pl\/#organization\",\"name\":\"Drukarnia CMYK Druk Offsetowy i Cyfrowy\",\"url\":\"https:\/\/fpcmyk.pl\/\",\"logo\":{\"@type\":\"ImageObject\",\"inLanguage\":\"pl-PL\",\"@id\":\"https:\/\/fpcmyk.pl\/#\/schema\/logo\/image\/\",\"url\":\"https:\/\/fpcmyk.pl\/wp-content\/uploads\/2023\/07\/logo_CMYK.jpg\",\"contentUrl\":\"https:\/\/fpcmyk.pl\/wp-content\/uploads\/2023\/07\/logo_CMYK.jpg\",\"width\":1007,\"height\":500,\"caption\":\"Drukarnia CMYK Druk Offsetowy i Cyfrowy\"},\"image\":{\"@id\":\"https:\/\/fpcmyk.pl\/#\/schema\/logo\/image\/\"}}]}<\/script>\n<!-- \/ Yoast SEO plugin. -->","yoast_head_json":{"title":"Drukarnia CMYK - Drukarnia CMYK Druk Offsetowy i Cyfrowy","robots":{"index":"index","follow":"follow","max-snippet":"max-snippet:-1","max-image-preview":"max-image-preview:large","max-video-preview":"max-video-preview:-1"},"canonical":"https:\/\/fpcmyk.pl\/","og_locale":"pl_PL","og_type":"article","og_title":"Drukarnia CMYK - Drukarnia CMYK Druk Offsetowy i Cyfrowy","og_url":"https:\/\/fpcmyk.pl\/","og_site_name":"Drukarnia CMYK Druk Offsetowy i Cyfrowy","article_modified_time":"2025-10-13T06:02:31+00:00","og_image":[{"url":"https:\/\/fpcmyk.pl\/wp-content\/uploads\/2023\/08\/StudioGraficzne-1.png"}],"twitter_card":"summary_large_image","twitter_misc":{"Szacowany czas czytania":"8 minut"},"schema":{"@context":"https:\/\/schema.org","@graph":[{"@type":"WebPage","@id":"https:\/\/fpcmyk.pl\/","url":"https:\/\/fpcmyk.pl\/","name":"Drukarnia CMYK - Drukarnia CMYK Druk Offsetowy i Cyfrowy","isPartOf":{"@id":"https:\/\/fpcmyk.pl\/#website"},"datePublished":"2023-07-19T00:20:06+00:00","dateModified":"2025-10-13T06:02:31+00:00","breadcrumb":{"@id":"https:\/\/fpcmyk.pl\/#breadcrumb"},"inLanguage":"pl-PL","potentialAction":[{"@type":"ReadAction","target":["https:\/\/fpcmyk.pl\/"]}]},{"@type":"BreadcrumbList","@id":"https:\/\/fpcmyk.pl\/#breadcrumb","itemListElement":[{"@type":"ListItem","position":1,"name":"Home","item":"https:\/\/fpcmyk.pl\/"},{"@type":"ListItem","position":2,"name":"Drukarnia CMYK"}]},{"@type":"WebSite","@id":"https:\/\/fpcmyk.pl\/#website","url":"https:\/\/fpcmyk.pl\/","name":"Drukarnia CMYK Druk Offsetowy i Cyfrowy","description":"","publisher":{"@id":"https:\/\/fpcmyk.pl\/#organization"},"potentialAction":[{"@type":"SearchAction","target":{"@type":"EntryPoint","urlTemplate":"https:\/\/fpcmyk.pl\/?s={search_term_string}"},"query-input":"required name=search_term_string"}],"inLanguage":"pl-PL"},{"@type":"Organization","@id":"https:\/\/fpcmyk.pl\/#organization","name":"Drukarnia CMYK Druk Offsetowy i Cyfrowy","url":"https:\/\/fpcmyk.pl\/","logo":{"@type":"ImageObject","inLanguage":"pl-PL","@id":"https:\/\/fpcmyk.pl\/#\/schema\/logo\/image\/","url":"https:\/\/fpcmyk.pl\/wp-content\/uploads\/2023\/07\/logo_CMYK.jpg","contentUrl":"https:\/\/fpcmyk.pl\/wp-content\/uploads\/2023\/07\/logo_CMYK.jpg","width":1007,"height":500,"caption":"Drukarnia CMYK Druk Offsetowy i Cyfrowy"},"image":{"@id":"https:\/\/fpcmyk.pl\/#\/schema\/logo\/image\/"}}]}},"_links":{"self":[{"href":"https:\/\/fpcmyk.pl\/index.php\/wp-json\/wp\/v2\/pages\/9","targetHints":{"allow":["GET"]}}],"collection":[{"href":"https:\/\/fpcmyk.pl\/index.php\/wp-json\/wp\/v2\/pages"}],"about":[{"href":"https:\/\/fpcmyk.pl\/index.php\/wp-json\/wp\/v2\/types\/page"}],"author":[{"embeddable":true,"href":"https:\/\/fpcmyk.pl\/index.php\/wp-json\/wp\/v2\/users\/1"}],"replies":[{"embeddable":true,"href":"https:\/\/fpcmyk.pl\/index.php\/wp-json\/wp\/v2\/comments?post=9"}],"version-history":[{"count":50,"href":"https:\/\/fpcmyk.pl\/index.php\/wp-json\/wp\/v2\/pages\/9\/revisions"}],"predecessor-version":[{"id":208,"href":"https:\/\/fpcmyk.pl\/index.php\/wp-json\/wp\/v2\/pages\/9\/revisions\/208"}],"wp:attachment":[{"href":"https:\/\/fpcmyk.pl\/index.php\/wp-json\/wp\/v2\/media?parent=9"}],"curies":[{"name":"wp","href":"https:\/\/api.w.org\/{rel}","templated":true}]}}