{"id":11,"date":"2023-07-19T02:20:06","date_gmt":"2023-07-19T00:20:06","guid":{"rendered":"http:\/\/serwer1778494.home.pl\/autoinstalator\/wordpressplugins\/?page_id=11"},"modified":"2023-07-19T03:56:00","modified_gmt":"2023-07-19T01:56:00","slug":"contact","status":"publish","type":"page","link":"https:\/\/fpcmyk.pl\/index.php\/contact\/","title":{"rendered":"Drukarnia CMYK &#8211; kontakt"},"content":{"rendered":"\n<div class=\"wp-block-cover alignfull\" style=\"min-height:420px;aspect-ratio:unset;\"><span aria-hidden=\"true\" class=\"wp-block-cover__background has-nv-light-bg-background-color has-background-dim-100 has-background-dim\"><\/span><div class=\"wp-block-cover__inner-container is-layout-flow wp-block-cover-is-layout-flow\">\n<div style=\"height:80px\" aria-hidden=\"true\" class=\"wp-block-spacer\"><\/div>\n\n\n\n<div class=\"wp-block-columns is-layout-flex wp-container-core-columns-is-layout-9d6595d7 wp-block-columns-is-layout-flex\">\n<div class=\"wp-block-column is-layout-flow wp-block-column-is-layout-flow\">\n<div style=\"height:24px\" aria-hidden=\"true\" class=\"wp-block-spacer\"><\/div>\n\n\n<div class=\"wp-block-image icon-style is-style-rounded\">\n<figure class=\"aligncenter is-resized\"><img decoding=\"async\" src=\"http:\/\/serwer1778494.home.pl\/autoinstalator\/wordpressplugins\/wp-content\/themes\/neve\/assets\/img\/starter-content\/icon-05.svg\" alt=\"\" width=\"48\" height=\"48\"\/><\/figure>\n<\/div>\n\n\n<h3 class=\"wp-block-heading has-text-align-center has-neve-text-color-color has-text-color\">Zadzwo\u0144 do nas<\/h3>\n\n\n\n<p class=\"has-text-align-center has-neve-text-color-color has-text-color\" style=\"font-size:15px\">502 058 413<br>Poniedzia\u0142ek &#8211; Pi\u0105tek<\/p>\n\n\n\n<div style=\"height:24px\" aria-hidden=\"true\" class=\"wp-block-spacer\"><\/div>\n<\/div>\n\n\n\n<div class=\"wp-block-column is-layout-flow wp-block-column-is-layout-flow\">\n<div style=\"height:24px\" aria-hidden=\"true\" class=\"wp-block-spacer\"><\/div>\n\n\n<div class=\"wp-block-image icon-style is-style-rounded\">\n<figure class=\"aligncenter is-resized\"><img decoding=\"async\" src=\"http:\/\/serwer1778494.home.pl\/autoinstalator\/wordpressplugins\/wp-content\/themes\/neve\/assets\/img\/starter-content\/icon-06.svg\" alt=\"\" width=\"48\" height=\"48\"\/><\/figure>\n<\/div>\n\n\n<h3 class=\"wp-block-heading has-text-align-center has-neve-text-color-color has-text-color\">Email<\/h3>\n\n\n\n<p class=\"has-text-align-center has-neve-text-color-color has-text-color\" style=\"font-size:15px\">biuro@fpcmyk.pl<\/p>\n\n\n\n<div style=\"height:24px\" aria-hidden=\"true\" class=\"wp-block-spacer\"><\/div>\n<\/div>\n\n\n\n<div class=\"wp-block-column is-layout-flow wp-block-column-is-layout-flow\">\n<div style=\"height:24px\" aria-hidden=\"true\" class=\"wp-block-spacer\"><\/div>\n\n\n<div class=\"wp-block-image icon-style is-style-rounded\">\n<figure class=\"aligncenter is-resized\"><img decoding=\"async\" src=\"http:\/\/serwer1778494.home.pl\/autoinstalator\/wordpressplugins\/wp-content\/themes\/neve\/assets\/img\/starter-content\/icon-04.svg\" alt=\"\" width=\"48\" height=\"48\"\/><\/figure>\n<\/div>\n\n\n<h3 class=\"wp-block-heading has-text-align-center has-neve-text-color-color has-text-color\">Tu jeste\u015bmy<\/h3>\n\n\n\n<p class=\"has-text-align-center has-neve-text-color-color has-text-color\" style=\"font-size:15px\">\u015anie\u017cna 5<br>80-765 Gda\u0144sk<\/p>\n\n\n\n<div style=\"height:24px\" aria-hidden=\"true\" class=\"wp-block-spacer\"><\/div>\n<\/div>\n<\/div>\n\n\n\n<div style=\"height:30px\" aria-hidden=\"true\" class=\"wp-block-spacer\"><\/div>\n<\/div><\/div>\n\n\n\n<div class=\"wp-block-cover alignfull\" style=\"min-height:600px;aspect-ratio:unset;\"><span aria-hidden=\"true\" class=\"wp-block-cover__background has-nv-dark-bg-background-color has-background-dim-100 has-background-dim\"><\/span><div class=\"wp-block-cover__inner-container is-layout-flow wp-block-cover-is-layout-flow\">\n<div class=\"wp-block-group\"><div class=\"wp-block-group__inner-container is-layout-flow wp-block-group-is-layout-flow\">\n<div style=\"height:80px\" aria-hidden=\"true\" class=\"wp-block-spacer\"><\/div>\n\n\n\n<div class=\"wp-block-columns is-layout-flex wp-container-core-columns-is-layout-9d6595d7 wp-block-columns-is-layout-flex\">\n<div class=\"wp-block-column is-layout-flow wp-block-column-is-layout-flow\">\n<div class=\"wp-block-group\"><div class=\"wp-block-group__inner-container is-layout-constrained wp-block-group-is-layout-constrained\">\n<div class=\"wp-block-group\"><div class=\"wp-block-group__inner-container is-layout-constrained wp-block-group-is-layout-constrained\"><style id=\"wpforms-css-vars-root\">\n\t\t\t\t:root {\n\t\t\t\t\t--wpforms-field-border-radius: 3px;\n--wpforms-field-background-color: #ffffff;\n--wpforms-field-border-color: rgba( 0, 0, 0, 0.25 );\n--wpforms-field-text-color: rgba( 0, 0, 0, 0.7 );\n--wpforms-label-color: rgba( 0, 0, 0, 0.85 );\n--wpforms-label-sublabel-color: rgba( 0, 0, 0, 0.55 );\n--wpforms-label-error-color: #d63637;\n--wpforms-button-border-radius: 3px;\n--wpforms-button-background-color: #066aab;\n--wpforms-button-text-color: #ffffff;\n--wpforms-field-size-input-height: 43px;\n--wpforms-field-size-input-spacing: 15px;\n--wpforms-field-size-font-size: 16px;\n--wpforms-field-size-line-height: 19px;\n--wpforms-field-size-padding-h: 14px;\n--wpforms-field-size-checkbox-size: 16px;\n--wpforms-field-size-sublabel-spacing: 5px;\n--wpforms-field-size-icon-size: 1;\n--wpforms-label-size-font-size: 16px;\n--wpforms-label-size-line-height: 19px;\n--wpforms-label-size-sublabel-font-size: 14px;\n--wpforms-label-size-sublabel-line-height: 17px;\n--wpforms-button-size-font-size: 17px;\n--wpforms-button-size-height: 41px;\n--wpforms-button-size-padding-h: 15px;\n--wpforms-button-size-margin-top: 10px;\n\n\t\t\t\t}\n\t\t\t<\/style><style id=\"wpforms-css-vars-32-block-b7f7e82d-1672-4fcb-a8cb-e207fb743bd9\">\n\t\t\t\t#wpforms-32.wpforms-block-b7f7e82d-1672-4fcb-a8cb-e207fb743bd9 {\n\t\t\t\t\t--wpforms-field-background-color: var(--nv-light-bg);\n--wpforms-field-border-color: var(--nv-text-color);\n--wpforms-field-text-color: var(--nv-text-color);\n--wpforms-label-color: var(--nv-text-dark-bg);\n--wpforms-label-sublabel-color: var(--nv-light-bg);\n\n\t\t\t\t}\n\t\t\t<\/style><div class=\"wpforms-container wpforms-container-full wpforms-block wpforms-block-b7f7e82d-1672-4fcb-a8cb-e207fb743bd9 wpforms-render-modern\" id=\"wpforms-32\"><form id=\"wpforms-form-32\" class=\"wpforms-validate wpforms-form wpforms-ajax-form\" data-formid=\"32\" method=\"post\" enctype=\"multipart\/form-data\" action=\"\/index.php\/wp-json\/wp\/v2\/pages\/11\" data-token=\"03ecef56c8b97a75e4e2c401235dff17\"><noscript class=\"wpforms-error-noscript\">Aby wype\u0142ni\u0107 ten formularz, w\u0142\u0105cz obs\u0142ug\u0119 JavaScript w przegl\u0105darce.<\/noscript><div class=\"wpforms-hidden\" id=\"wpforms-error-noscript\">Aby wype\u0142ni\u0107 ten formularz, w\u0142\u0105cz obs\u0142ug\u0119 JavaScript w przegl\u0105darce.<\/div><div class=\"wpforms-field-container\"><div id=\"wpforms-32-field_0-container\" class=\"wpforms-field wpforms-field-name\" data-field-id=\"0\"><label class=\"wpforms-field-label\" for=\"wpforms-32-field_0\">Imi\u0119 <span class=\"wpforms-required-label\" aria-hidden=\"true\">*<\/span><\/label><input type=\"text\" id=\"wpforms-32-field_0\" class=\"wpforms-field-large wpforms-field-required\" name=\"wpforms[fields][0]\" aria-errormessage=\"wpforms-32-field_0-error\" required><\/div><div id=\"wpforms-32-field_1-container\" class=\"wpforms-field wpforms-field-email\" data-field-id=\"1\"><label class=\"wpforms-field-label\" for=\"wpforms-32-field_1\">E-mail <span class=\"wpforms-required-label\" aria-hidden=\"true\">*<\/span><\/label><input type=\"email\" id=\"wpforms-32-field_1\" class=\"wpforms-field-large wpforms-field-required\" name=\"wpforms[fields][1]\" spellcheck=\"false\" aria-errormessage=\"wpforms-32-field_1-error\" required><\/div><div id=\"wpforms-32-field_2-container\" class=\"wpforms-field wpforms-field-textarea\" data-field-id=\"2\"><label class=\"wpforms-field-label\" for=\"wpforms-32-field_2\">Wiadomo\u015b\u0107<\/label><textarea id=\"wpforms-32-field_2\" class=\"wpforms-field-medium\" name=\"wpforms[fields][2]\" aria-errormessage=\"wpforms-32-field_2-error\" ><\/textarea><\/div><div id=\"wpforms-32-field_3-container\" class=\"wpforms-field wpforms-field-checkbox\" data-field-id=\"3\"><fieldset><legend class=\"wpforms-field-label\">Zgody Rodo <span class=\"wpforms-required-label\" aria-hidden=\"true\">*<\/span><\/legend><ul id=\"wpforms-32-field_3\" class=\"wpforms-field-required\"><li class=\"choice-1 depth-1\"><input type=\"checkbox\" id=\"wpforms-32-field_3_1\" name=\"wpforms[fields][3][]\" value=\"Wyra\u017cam zgod\u0119 na &lt;a href=&quot;http:\/\/tomek.fpcmyk.pl\/index.php\/polityka-prywatnosci\/&quot;&gt;&quot;polityka prywatno\u015bci&quot;.&lt;\/a&gt;\" aria-errormessage=\"wpforms-32-field_3_1-error\" required ><label class=\"wpforms-field-label-inline\" for=\"wpforms-32-field_3_1\">Wyra\u017cam zgod\u0119 na <a href=\"http:\/\/tomek.fpcmyk.pl\/index.php\/polityka-prywatnosci\/\">&#8222;polityka prywatno\u015bci&#8221;.<\/a><\/label><\/li><\/ul><\/fieldset><\/div><\/div><!-- .wpforms-field-container --><div class=\"wpforms-submit-container\" ><input type=\"hidden\" name=\"wpforms[id]\" value=\"32\"><input type=\"hidden\" name=\"wpforms[author]\" value=\"1\"><button type=\"submit\" name=\"wpforms[submit]\" id=\"wpforms-submit-32\" class=\"wpforms-submit\" data-alt-text=\"Wysy\u0142anie...\" data-submit-text=\"Wy\u015blij\" aria-live=\"assertive\" value=\"wpforms-submit\">Wy\u015blij<\/button><img loading=\"lazy\" decoding=\"async\" src=\"https:\/\/fpcmyk.pl\/wp-content\/plugins\/wpforms-lite\/assets\/images\/submit-spin.svg\" class=\"wpforms-submit-spinner\" style=\"display: none;\" width=\"26\" height=\"26\" alt=\"Wczytywanie\"><\/div><\/form><\/div>  <!-- .wpforms-container --><\/div><\/div>\n<\/div><\/div>\n<\/div>\n\n\n\n<div class=\"wp-block-column is-vertically-aligned-center is-layout-flow wp-block-column-is-layout-flow\" style=\"flex-basis:50%\">\n<div class=\"wp-block-group\"><div class=\"wp-block-group__inner-container is-layout-constrained wp-block-group-is-layout-constrained\">\n<iframe src=\"https:\/\/www.google.com\/maps\/embed?pb=!1m18!1m12!1m3!1d2323.0672980606223!2d18.65727207708062!3d54.391126296039815!2m3!1f0!2f0!3f0!3m2!1i1024!2i768!4f13.1!3m3!1m2!1s0x46fd7353c9840c29%3A0x20f82e0d531c93fd!2sFirma%20Poligraficzna%20Cmyk!5e0!3m2!1spl!2sca!4v1689726879558!5m2!1spl!2sca\" width=\"600\" height=\"450\" style=\"border:0;\" allowfullscreen=\"\" loading=\"lazy\" referrerpolicy=\"no-referrer-when-downgrade\"><\/iframe>\n<\/div><\/div>\n<\/div>\n<\/div>\n\n\n\n<div style=\"height:40px\" aria-hidden=\"true\" class=\"wp-block-spacer\"><\/div>\n<\/div><\/div>\n<\/div><\/div>\n","protected":false},"excerpt":{"rendered":"","protected":false},"author":1,"featured_media":0,"parent":0,"menu_order":0,"comment_status":"closed","ping_status":"closed","template":"","meta":{"neve_meta_sidebar":"","neve_meta_container":"","neve_meta_enable_content_width":"on","neve_meta_content_width":100,"neve_meta_title_alignment":"","neve_meta_author_avatar":"","neve_post_elements_order":"","neve_meta_disable_header":"","neve_meta_disable_footer":"","neve_meta_disable_title":"on","footnotes":""},"class_list":["post-11","page","type-page","status-publish","hentry"],"yoast_head":"<!-- This site is optimized with the Yoast SEO plugin v21.9.1 - https:\/\/yoast.com\/wordpress\/plugins\/seo\/ -->\n<title>Drukarnia CMYK - kontakt - Drukarnia CMYK Druk Offsetowy i Cyfrowy<\/title>\n<meta name=\"robots\" content=\"index, follow, max-snippet:-1, max-image-preview:large, max-video-preview:-1\" \/>\n<link rel=\"canonical\" href=\"https:\/\/fpcmyk.pl\/index.php\/contact\/\" \/>\n<meta property=\"og:locale\" content=\"pl_PL\" \/>\n<meta property=\"og:type\" content=\"article\" \/>\n<meta property=\"og:title\" content=\"Drukarnia CMYK - kontakt - Drukarnia CMYK Druk Offsetowy i Cyfrowy\" \/>\n<meta property=\"og:url\" content=\"https:\/\/fpcmyk.pl\/index.php\/contact\/\" \/>\n<meta property=\"og:site_name\" content=\"Drukarnia CMYK Druk Offsetowy i Cyfrowy\" \/>\n<meta property=\"article:modified_time\" content=\"2023-07-19T01:56:00+00:00\" \/>\n<meta property=\"og:image\" content=\"http:\/\/serwer1778494.home.pl\/autoinstalator\/wordpressplugins\/wp-content\/themes\/neve\/assets\/img\/starter-content\/icon-05.svg\" \/>\n<meta name=\"twitter:card\" content=\"summary_large_image\" \/>\n<meta name=\"twitter:label1\" content=\"Szacowany czas czytania\" \/>\n\t<meta name=\"twitter:data1\" content=\"1 minuta\" \/>\n<script type=\"application\/ld+json\" class=\"yoast-schema-graph\">{\"@context\":\"https:\/\/schema.org\",\"@graph\":[{\"@type\":\"WebPage\",\"@id\":\"https:\/\/fpcmyk.pl\/index.php\/contact\/\",\"url\":\"https:\/\/fpcmyk.pl\/index.php\/contact\/\",\"name\":\"Drukarnia CMYK - kontakt - Drukarnia CMYK Druk Offsetowy i Cyfrowy\",\"isPartOf\":{\"@id\":\"https:\/\/fpcmyk.pl\/#website\"},\"datePublished\":\"2023-07-19T00:20:06+00:00\",\"dateModified\":\"2023-07-19T01:56:00+00:00\",\"breadcrumb\":{\"@id\":\"https:\/\/fpcmyk.pl\/index.php\/contact\/#breadcrumb\"},\"inLanguage\":\"pl-PL\",\"potentialAction\":[{\"@type\":\"ReadAction\",\"target\":[\"https:\/\/fpcmyk.pl\/index.php\/contact\/\"]}]},{\"@type\":\"BreadcrumbList\",\"@id\":\"https:\/\/fpcmyk.pl\/index.php\/contact\/#breadcrumb\",\"itemListElement\":[{\"@type\":\"ListItem\",\"position\":1,\"name\":\"Home\",\"item\":\"https:\/\/fpcmyk.pl\/\"},{\"@type\":\"ListItem\",\"position\":2,\"name\":\"Drukarnia CMYK &#8211; kontakt\"}]},{\"@type\":\"WebSite\",\"@id\":\"https:\/\/fpcmyk.pl\/#website\",\"url\":\"https:\/\/fpcmyk.pl\/\",\"name\":\"Drukarnia CMYK Druk Offsetowy i Cyfrowy\",\"description\":\"\",\"publisher\":{\"@id\":\"https:\/\/fpcmyk.pl\/#organization\"},\"potentialAction\":[{\"@type\":\"SearchAction\",\"target\":{\"@type\":\"EntryPoint\",\"urlTemplate\":\"https:\/\/fpcmyk.pl\/?s={search_term_string}\"},\"query-input\":\"required name=search_term_string\"}],\"inLanguage\":\"pl-PL\"},{\"@type\":\"Organization\",\"@id\":\"https:\/\/fpcmyk.pl\/#organization\",\"name\":\"Drukarnia CMYK Druk Offsetowy i Cyfrowy\",\"url\":\"https:\/\/fpcmyk.pl\/\",\"logo\":{\"@type\":\"ImageObject\",\"inLanguage\":\"pl-PL\",\"@id\":\"https:\/\/fpcmyk.pl\/#\/schema\/logo\/image\/\",\"url\":\"https:\/\/fpcmyk.pl\/wp-content\/uploads\/2023\/07\/logo_CMYK.jpg\",\"contentUrl\":\"https:\/\/fpcmyk.pl\/wp-content\/uploads\/2023\/07\/logo_CMYK.jpg\",\"width\":1007,\"height\":500,\"caption\":\"Drukarnia CMYK Druk Offsetowy i Cyfrowy\"},\"image\":{\"@id\":\"https:\/\/fpcmyk.pl\/#\/schema\/logo\/image\/\"}}]}<\/script>\n<!-- \/ Yoast SEO plugin. -->","yoast_head_json":{"title":"Drukarnia CMYK - kontakt - Drukarnia CMYK Druk Offsetowy i Cyfrowy","robots":{"index":"index","follow":"follow","max-snippet":"max-snippet:-1","max-image-preview":"max-image-preview:large","max-video-preview":"max-video-preview:-1"},"canonical":"https:\/\/fpcmyk.pl\/index.php\/contact\/","og_locale":"pl_PL","og_type":"article","og_title":"Drukarnia CMYK - kontakt - Drukarnia CMYK Druk Offsetowy i Cyfrowy","og_url":"https:\/\/fpcmyk.pl\/index.php\/contact\/","og_site_name":"Drukarnia CMYK Druk Offsetowy i Cyfrowy","article_modified_time":"2023-07-19T01:56:00+00:00","og_image":[{"url":"http:\/\/serwer1778494.home.pl\/autoinstalator\/wordpressplugins\/wp-content\/themes\/neve\/assets\/img\/starter-content\/icon-05.svg"}],"twitter_card":"summary_large_image","twitter_misc":{"Szacowany czas czytania":"1 minuta"},"schema":{"@context":"https:\/\/schema.org","@graph":[{"@type":"WebPage","@id":"https:\/\/fpcmyk.pl\/index.php\/contact\/","url":"https:\/\/fpcmyk.pl\/index.php\/contact\/","name":"Drukarnia CMYK - kontakt - Drukarnia CMYK Druk Offsetowy i Cyfrowy","isPartOf":{"@id":"https:\/\/fpcmyk.pl\/#website"},"datePublished":"2023-07-19T00:20:06+00:00","dateModified":"2023-07-19T01:56:00+00:00","breadcrumb":{"@id":"https:\/\/fpcmyk.pl\/index.php\/contact\/#breadcrumb"},"inLanguage":"pl-PL","potentialAction":[{"@type":"ReadAction","target":["https:\/\/fpcmyk.pl\/index.php\/contact\/"]}]},{"@type":"BreadcrumbList","@id":"https:\/\/fpcmyk.pl\/index.php\/contact\/#breadcrumb","itemListElement":[{"@type":"ListItem","position":1,"name":"Home","item":"https:\/\/fpcmyk.pl\/"},{"@type":"ListItem","position":2,"name":"Drukarnia CMYK &#8211; kontakt"}]},{"@type":"WebSite","@id":"https:\/\/fpcmyk.pl\/#website","url":"https:\/\/fpcmyk.pl\/","name":"Drukarnia CMYK Druk Offsetowy i Cyfrowy","description":"","publisher":{"@id":"https:\/\/fpcmyk.pl\/#organization"},"potentialAction":[{"@type":"SearchAction","target":{"@type":"EntryPoint","urlTemplate":"https:\/\/fpcmyk.pl\/?s={search_term_string}"},"query-input":"required name=search_term_string"}],"inLanguage":"pl-PL"},{"@type":"Organization","@id":"https:\/\/fpcmyk.pl\/#organization","name":"Drukarnia CMYK Druk Offsetowy i Cyfrowy","url":"https:\/\/fpcmyk.pl\/","logo":{"@type":"ImageObject","inLanguage":"pl-PL","@id":"https:\/\/fpcmyk.pl\/#\/schema\/logo\/image\/","url":"https:\/\/fpcmyk.pl\/wp-content\/uploads\/2023\/07\/logo_CMYK.jpg","contentUrl":"https:\/\/fpcmyk.pl\/wp-content\/uploads\/2023\/07\/logo_CMYK.jpg","width":1007,"height":500,"caption":"Drukarnia CMYK Druk Offsetowy i Cyfrowy"},"image":{"@id":"https:\/\/fpcmyk.pl\/#\/schema\/logo\/image\/"}}]}},"_links":{"self":[{"href":"https:\/\/fpcmyk.pl\/index.php\/wp-json\/wp\/v2\/pages\/11","targetHints":{"allow":["GET"]}}],"collection":[{"href":"https:\/\/fpcmyk.pl\/index.php\/wp-json\/wp\/v2\/pages"}],"about":[{"href":"https:\/\/fpcmyk.pl\/index.php\/wp-json\/wp\/v2\/types\/page"}],"author":[{"embeddable":true,"href":"https:\/\/fpcmyk.pl\/index.php\/wp-json\/wp\/v2\/users\/1"}],"replies":[{"embeddable":true,"href":"https:\/\/fpcmyk.pl\/index.php\/wp-json\/wp\/v2\/comments?post=11"}],"version-history":[{"count":12,"href":"https:\/\/fpcmyk.pl\/index.php\/wp-json\/wp\/v2\/pages\/11\/revisions"}],"predecessor-version":[{"id":51,"href":"https:\/\/fpcmyk.pl\/index.php\/wp-json\/wp\/v2\/pages\/11\/revisions\/51"}],"wp:attachment":[{"href":"https:\/\/fpcmyk.pl\/index.php\/wp-json\/wp\/v2\/media?parent=11"}],"curies":[{"name":"wp","href":"https:\/\/api.w.org\/{rel}","templated":true}]}}